{"id":3212,"date":"2015-12-04T02:09:37","date_gmt":"2015-12-04T02:09:37","guid":{"rendered":"https:\/\/www.whr.fi\/%d1%81%d0%b2%d1%8f%d0%b7%d0%b0%d1%82%d1%8c%d1%81%d1%8f-%d1%81\/"},"modified":"2023-02-13T14:11:23","modified_gmt":"2023-02-13T14:11:23","slug":"%d1%81%d0%b2%d1%8f%d0%b7%d0%b0%d1%82%d1%8c%d1%81%d1%8f-%d1%81","status":"publish","type":"page","link":"https:\/\/www.whr.fi\/ru\/%d1%81%d0%b2%d1%8f%d0%b7%d0%b0%d1%82%d1%8c%d1%81%d1%8f-%d1%81\/","title":{"rendered":"\u0421\u0432\u044f\u0437\u0430\u0442\u044c\u0441\u044f \u0441"},"content":{"rendered":"<p><div class=\"fusion-fullwidth fullwidth-box fusion-builder-row-1 fusion-flex-container fusion-parallax-none nonhundred-percent-fullwidth non-hundred-percent-height-scrolling lazyload\" style=\"--awb-border-radius-top-left:0px;--awb-border-radius-top-right:0px;--awb-border-radius-bottom-right:0px;--awb-border-radius-bottom-left:0px;--awb-padding-top:0px;--awb-padding-bottom:0px;--awb-margin-top:0px;--awb-margin-bottom:0px;--awb-background-image:linear-gradient(180deg, var(--awb-color5) 0%,var(--awb-color5) 100%);;--awb-background-size:cover;\" data-bg=\"http:\/\/www.whr.fi\/wp-content\/uploads\/2022\/12\/whr_9-1.heic\" data-bg-gradient=\"linear-gradient(180deg, var(--awb-color5) 0%,var(--awb-color5) 100%)\" ><div class=\"fusion-builder-row fusion-row fusion-flex-align-items-flex-start fusion-flex-align-content-center\" style=\"max-width:1216.8px;margin-left: calc(-4% \/ 2 );margin-right: calc(-4% \/ 2 );\"><div class=\"fusion-layout-column fusion_builder_column fusion-builder-column-0 fusion_builder_column_1_1 1_1 fusion-flex-column fusion-animated\" style=\"--awb-padding-top:60px;--awb-bg-size:cover;--awb-width-large:100%;--awb-margin-top-large:0px;--awb-spacing-right-large:1.92%;--awb-margin-bottom-large:0px;--awb-spacing-left-large:1.92%;--awb-width-medium:100%;--awb-order-medium:0;--awb-spacing-right-medium:1.92%;--awb-spacing-left-medium:1.92%;--awb-width-small:100%;--awb-order-small:0;--awb-spacing-right-small:1.92%;--awb-spacing-left-small:1.92%;\" data-animationType=\"fadeInUp\" data-animationDuration=\"1.0\" data-animationOffset=\"top-into-view\"><div class=\"fusion-column-wrapper fusion-column-has-shadow fusion-flex-justify-content-flex-start fusion-content-layout-column\"><div class=\"fusion-title title fusion-title-1 fusion-sep-none fusion-title-center fusion-title-text fusion-title-size-one\" style=\"--awb-text-color:var(--awb-color1);--awb-margin-bottom:0px;--awb-font-size:70px;\"><h1 class=\"title-heading-center fusion-responsive-typography-calculated\" style=\"font-family:var(--awb-typography1-font-family);font-weight:var(--awb-typography1-font-weight);font-style:var(--awb-typography1-font-style);margin:0;font-size:1em;letter-spacing:var(--awb-typography1-letter-spacing);text-transform:var(--awb-typography1-text-transform);--fontSize:70;line-height:var(--awb-typography1-line-height);\"><span style=\"font-family: Aldrich; font-weight: 400;\" data-fusion-font=\"true\" data-fusion-google-font=\"Aldrich\" data-fusion-google-variant=\"400\">\u041a\u041e\u041d\u0422\u0410\u041a\u0422<\/span><\/h1><\/div><div class=\"fusion-text fusion-text-1 fusion-text-no-margin\" style=\"--awb-content-alignment:center;--awb-font-size:var(--awb-typography2-font-size);--awb-line-height:var(--awb-typography2-line-height);--awb-letter-spacing:var(--awb-typography2-letter-spacing);--awb-text-transform:var(--awb-typography2-text-transform);--awb-text-color:var(--awb-color5);--awb-margin-top:30px;--awb-margin-bottom:30px;--awb-text-font-family:var(--awb-typography2-font-family);--awb-text-font-weight:var(--awb-typography2-font-weight);--awb-text-font-style:var(--awb-typography2-font-style);\"><p style=\"font-family: Aldrich; font-weight: 400; color: var(--awb-color1); font-size: 25px;\" data-fusion-font=\"true\" data-fusion-google-font=\"Aldrich\" data-fusion-google-variant=\"400\">\u041e\u0411\u0429\u0415\u0416\u0418\u0422\u0418\u0415 \u0414\u041b\u042f \u0420\u0410\u0411\u041e\u0427\u0418\u0425 \u0420\u0410\u0418\u0421\u0418\u041e<\/p>\n<\/div><div class=\"fusion-separator fusion-full-width-sep\" style=\"align-self: center;margin-left: auto;margin-right: auto;width:100%;\"><div class=\"fusion-separator-border sep-single sep-solid\" style=\"border-color:var(--awb-color1);border-top-width:2px;\"><\/div><\/div><\/div><\/div><\/div><\/div><div class=\"fusion-fullwidth fullwidth-box fusion-builder-row-2 fusion-flex-container has-pattern-background has-mask-background nonhundred-percent-fullwidth non-hundred-percent-height-scrolling\" style=\"--awb-border-radius-top-left:0px;--awb-border-radius-top-right:0px;--awb-border-radius-bottom-right:0px;--awb-border-radius-bottom-left:0px;--awb-background-color:var(--awb-color2);\" ><div class=\"fusion-builder-row fusion-row fusion-flex-align-items-flex-start\" style=\"max-width:1216.8px;margin-left: calc(-4% \/ 2 );margin-right: calc(-4% \/ 2 );\"><div class=\"fusion-layout-column fusion_builder_column fusion-builder-column-1 fusion_builder_column_1_1 1_1 fusion-flex-column\" style=\"--awb-bg-size:cover;--awb-width-large:100%;--awb-spacing-right-large:1.92%;--awb-spacing-left-large:1.92%;--awb-width-medium:100%;--awb-order-medium:0;--awb-spacing-right-medium:1.92%;--awb-spacing-left-medium:1.92%;--awb-width-small:100%;--awb-order-small:0;--awb-spacing-right-small:1.92%;--awb-spacing-left-small:1.92%;\"><div class=\"fusion-column-wrapper fusion-column-has-shadow fusion-flex-justify-content-flex-start fusion-content-layout-column\"><div class=\"fusion-section-separator section-separator big-half-circle fusion-section-separator-1\" style=\"--awb-spacer-height:99px;--awb-svg-margin-left:1.92%;--awb-svg-margin-right:1.92%;--awb-svg-margin-left-medium:1.92%;--awb-svg-margin-right-medium:1.92%;--awb-svg-margin-left-small:1.92%;--awb-svg-margin-right-small:1.92%;--awb-divider-height:99px;--awb-spacer-padding-top:inherit;--awb-sep-padding:0;--awb-svg-padding:0;\"><div class=\"fusion-section-separator-svg\"><svg class=\"fusion-big-half-circle-candy\" xmlns=\"http:\/\/www.w3.org\/2000\/svg\" version=\"1.1\" width=\"100%\" height=\"100\" viewBox=\"0 0 100 100\" preserveAspectRatio=\"none\" fill=\"rgba(255,174,66,1)\"><path d=\"M0 0 C55 180 100 0 100 0 Z\"><\/path><\/svg><\/div><div class=\"fusion-section-separator-spacer\"><div class=\"fusion-section-separator-spacer-height\"><\/div><\/div><\/div><\/div><\/div><\/div><\/div><div class=\"fusion-fullwidth fullwidth-box fusion-builder-row-3 fusion-flex-container hundred-percent-fullwidth non-hundred-percent-height-scrolling\" style=\"--awb-background-position:left top;--awb-border-sizes-top:0px;--awb-border-sizes-bottom:0px;--awb-border-sizes-left:0px;--awb-border-sizes-right:0px;--awb-border-radius-top-left:0px;--awb-border-radius-top-right:0px;--awb-border-radius-bottom-right:0px;--awb-border-radius-bottom-left:0px;--awb-padding-right:0px;--awb-padding-left:0px;--awb-background-color:var(--awb-color1);\" ><div class=\"fusion-builder-row fusion-row fusion-flex-align-items-stretch\" style=\"width:104% !important;max-width:104% !important;margin-left: calc(-4% \/ 2 );margin-right: calc(-4% \/ 2 );\"><div class=\"fusion-layout-column fusion_builder_column fusion-builder-column-2 fusion_builder_column_1_3 1_3 fusion-flex-column fusion-flex-align-self-flex-start fusion-column-no-min-height\" style=\"--awb-padding-top:56px;--awb-padding-right:20%;--awb-padding-bottom:85px;--awb-padding-left:20%;--awb-bg-color:var(--awb-color2);--awb-bg-size:cover;--awb-width-large:33.333333333333%;--awb-margin-top-large:0px;--awb-spacing-right-large:5.76%;--awb-spacing-left-large:5.76%;--awb-width-medium:100%;--awb-spacing-right-medium:1.92%;--awb-spacing-left-medium:1.92%;--awb-width-small:100%;--awb-spacing-right-small:1.92%;--awb-spacing-left-small:1.92%;\"><div class=\"fusion-column-wrapper fusion-flex-justify-content-center fusion-content-layout-column\"><div class=\"fusion-title title fusion-title-2 fusion-sep-none fusion-title-center fusion-title-text fusion-title-size-six\" style=\"--awb-margin-bottom:24px;--awb-font-size:30px;\"><h6 class=\"title-heading-center fusion-responsive-typography-calculated\" style=\"font-family:var(--awb-typography1-font-family);font-weight:var(--awb-typography1-font-weight);font-style:var(--awb-typography1-font-style);margin:0;font-size:1em;letter-spacing:var(--awb-typography1-letter-spacing);text-transform:var(--awb-typography1-text-transform);--fontSize:30;line-height:var(--awb-typography1-line-height);\"><span style=\"font-family: Aldrich; font-weight: 400;\" data-fusion-font=\"true\" data-fusion-google-font=\"Aldrich\" data-fusion-google-variant=\"400\">\u041e\u0411\u0429\u0415\u0416\u0418\u0422\u0418\u0415 \u0414\u041b\u042f \u0420\u0410\u0411\u041e\u0427\u0418\u0425 \u0420\u0410\u0418\u0421\u0418\u041e<\/span><\/h6><\/div><div class=\"fusion-separator\" style=\"align-self: center;margin-left: auto;margin-right: auto;flex-grow:1;margin-bottom:30px;width:100%;max-width:200px;\"><div class=\"fusion-separator-border sep-single sep-solid\" style=\"border-color:var(--awb-color5);border-top-width:2px;\"><\/div><\/div><ul style=\"--awb-iconcolor:var(--awb-color5);--awb-line-height:23.8px;--awb-icon-width:23.8px;--awb-icon-height:23.8px;--awb-icon-margin:9.8px;--awb-content-margin:33.6px;\" class=\"fusion-checklist fusion-checklist-1 fusion-checklist-default type-icons\"><li class=\"fusion-li-item\" style=\"--awb-circlecolor:var(--awb-color5);--awb-iconcolor:var(--awb-color1);\"><span class=\"icon-wrapper circle-no\"><i class=\"fusion-li-icon fa-map-marker-alt fas\" aria-hidden=\"true\"><\/i><\/span><div class=\"fusion-li-item-content\">\n<p><span style=\"color: var(--awb-color8);\">Kaislatie 2, 21200 Raisio, \u0424\u0438\u043d\u043b\u044f\u043d\u0434\u0438\u044f<\/span><\/p>\n<\/div><\/li><li class=\"fusion-li-item\" style=\"--awb-circlecolor:var(--awb-color5);--awb-iconcolor:var(--awb-color1);\"><span class=\"icon-wrapper circle-no\"><i class=\"fusion-li-icon fa-envelope far\" aria-hidden=\"true\"><\/i><\/span><div class=\"fusion-li-item-content\">\n<p style=\"text-align: center;\"><span style=\"color: var(--awb-color8);\">info@workershostel.fi<\/span><\/p>\n<\/div><\/li><li class=\"fusion-li-item\" style=\"--awb-circlecolor:var(--awb-color5);--awb-iconcolor:var(--awb-color1);\"><span class=\"icon-wrapper circle-no\"><i class=\"fusion-li-icon fa-mobile-alt fas\" aria-hidden=\"true\"><\/i><\/span><div class=\"fusion-li-item-content\">\n<p style=\"text-align: center;\"><span style=\"color: var(--awb-color8);\">+358 (0) 44 980 1693<\/span><\/p>\n<\/div><\/li><li class=\"fusion-li-item\" style=\"--awb-circlecolor:var(--awb-color5);--awb-iconcolor:var(--awb-color1);\"><span class=\"icon-wrapper circle-no\"><i class=\"fusion-li-icon fa-clock fas\" aria-hidden=\"true\"><\/i><\/span><div class=\"fusion-li-item-content\">\n<p style=\"text-align: center;\"><span style=\"color: var(--awb-color8);\">\u043f\u043d-\u0432\u0441 8:00-16:00<\/span><\/p>\n<\/div><\/li><\/ul><\/div><\/div><div class=\"fusion-layout-column fusion_builder_column fusion-builder-column-3 fusion_builder_column_2_3 2_3 fusion-flex-column fusion-flex-align-self-flex-start fusion-column-no-min-height\" style=\"--awb-padding-top:29px;--awb-padding-right:12%;--awb-padding-bottom:85px;--awb-padding-left:12%;--awb-bg-blend:overlay;--awb-bg-size:cover;--awb-width-large:66.666666666667%;--awb-spacing-right-large:2.88%;--awb-spacing-left-large:2.88%;--awb-width-medium:100%;--awb-spacing-right-medium:1.92%;--awb-spacing-left-medium:1.92%;--awb-width-small:100%;--awb-spacing-right-small:1.92%;--awb-spacing-left-small:1.92%;\"><div class=\"fusion-column-wrapper fusion-flex-justify-content-center fusion-content-layout-column\"><div class=\"fusion-title title fusion-title-3 fusion-sep-none fusion-title-center fusion-title-text fusion-title-size-two\" style=\"--awb-margin-bottom-small:10px;--awb-font-size:30px;\"><h2 class=\"title-heading-center fusion-responsive-typography-calculated\" style=\"font-family:var(--awb-typography1-font-family);font-weight:var(--awb-typography1-font-weight);font-style:var(--awb-typography1-font-style);margin:0;font-size:1em;letter-spacing:var(--awb-typography1-letter-spacing);text-transform:var(--awb-typography1-text-transform);--fontSize:30;line-height:var(--awb-typography1-line-height);\"><span style=\"font-family: Aldrich; font-weight: 400;\" data-fusion-font=\"true\" data-fusion-google-font=\"Aldrich\" data-fusion-google-variant=\"400\">\u0417\u0410\u041f\u0420\u041e\u0421 \u041d\u0410 \u0420\u0410\u0417\u041c\u0415\u0429\u0415\u041d\u0418\u0415<\/span><\/h2><\/div><div class=\"fusion-separator\" style=\"align-self: center;margin-left: auto;margin-right: auto;margin-top:0px;margin-bottom:30px;width:100%;max-width:200px;\"><div class=\"fusion-separator-border sep-single sep-solid\" style=\"border-color:var(--awb-color5);border-top-width:2px;\"><\/div><\/div><div class=\"fusion-text fusion-text-2\" style=\"--awb-font-size:var(--awb-typography4-font-size);--awb-line-height:var(--awb-typography4-line-height);--awb-letter-spacing:var(--awb-typography4-letter-spacing);--awb-text-transform:var(--awb-typography4-text-transform);--awb-text-font-family:var(--awb-typography4-font-family);--awb-text-font-weight:var(--awb-typography4-font-weight);--awb-text-font-style:var(--awb-typography4-font-style);\"><p style=\"text-align: center; font-family: ABeeZee; font-weight: 400;\" data-fusion-font=\"true\" data-fusion-google-font=\"ABeeZee\" data-fusion-google-variant=\"400\">\u041e\u0431\u0440\u0430\u0442\u0438\u0442\u0435 \u0432\u043d\u0438\u043c\u0430\u043d\u0438\u0435, \u0447\u0442\u043e \u043f\u0440\u0438 \u043e\u0442\u043f\u0440\u0430\u0432\u043a\u0435 \u0437\u0430\u043f\u0440\u043e\u0441\u0430 \u043d\u0430 \u0440\u0430\u0437\u043c\u0435\u0449\u0435\u043d\u0438\u0435 \u0430\u0432\u0442\u043e\u043c\u0430\u0442\u0438\u0447\u0435\u0441\u043a\u043e\u0435 \u0431\u0440\u043e\u043d\u0438\u0440\u043e\u0432\u0430\u043d\u0438\u0435 \u043d\u0435 \u043f\u0440\u043e\u0438\u0437\u0432\u043e\u0434\u0438\u0442\u0441\u044f. \u041c\u044b \u0441\u0432\u044f\u0436\u0435\u043c\u0441\u044f \u0441 \u0432\u0430\u043c\u0438 \u0432 \u0431\u043b\u0438\u0436\u0430\u0439\u0448\u0435\u0435 \u0432\u0440\u0435\u043c\u044f.<\/p>\n<\/div><div class=\"fusion-form fusion-form-builder fusion-form-form-wrapper fusion-form-1268\" style=\"--awb-tooltip-text-color:#ffffff;--awb-tooltip-background-color:#333333;\" data-form-id=\"1268\" data-config=\"{&quot;form_id&quot;:1268,&quot;form_post_id&quot;:1268,&quot;post_id&quot;:3212,&quot;form_type&quot;:&quot;ajax&quot;,&quot;confirmation_type&quot;:&quot;message&quot;,&quot;redirect_url&quot;:&quot;&quot;,&quot;field_labels&quot;:{&quot;number_of_guests&quot;:&quot;Majoittujien lukum\\u00e4\\u00e4r\\u00e4&quot;,&quot;check_in_date&quot;:&quot;Tulop\\u00e4iv\\u00e4&quot;,&quot;email_address&quot;:&quot;S\\u00e4hk\\u00f6posti&quot;,&quot;company&quot;:&quot;Yritys&quot;,&quot;street_address&quot;:&quot;Katuosoite&quot;,&quot;contact_person&quot;:&quot;Yhteyshenkil\\u00f6n nimi&quot;,&quot;check_out_day&quot;:&quot;L\\u00e4ht\\u00f6p\\u00e4iv\\u00e4&quot;,&quot;phone_number&quot;:&quot;Puhelinnumero&quot;,&quot;business_id&quot;:&quot;Y-tunnus&quot;,&quot;postal_code_and_city&quot;:&quot;Postinumero ja -toimipaikka&quot;,&quot;country&quot;:&quot;Maa&quot;,&quot;special_requests&quot;:&quot;Lis\\u00e4tietoja&quot;},&quot;field_logics&quot;:{&quot;number_of_guests&quot;:&quot;&quot;,&quot;check_in_date&quot;:&quot;&quot;,&quot;email_address&quot;:&quot;&quot;,&quot;company&quot;:&quot;&quot;,&quot;street_address&quot;:&quot;&quot;,&quot;contact_person&quot;:&quot;&quot;,&quot;check_out_day&quot;:&quot;&quot;,&quot;phone_number&quot;:&quot;&quot;,&quot;business_id&quot;:&quot;&quot;,&quot;postal_code_and_city&quot;:&quot;&quot;,&quot;country&quot;:&quot;&quot;,&quot;special_requests&quot;:&quot;&quot;},&quot;field_types&quot;:{&quot;number_of_guests&quot;:&quot;number&quot;,&quot;check_in_date&quot;:&quot;date&quot;,&quot;email_address&quot;:&quot;email&quot;,&quot;company&quot;:&quot;text&quot;,&quot;street_address&quot;:&quot;text&quot;,&quot;contact_person&quot;:&quot;text&quot;,&quot;check_out_day&quot;:&quot;date&quot;,&quot;phone_number&quot;:&quot;phone_number&quot;,&quot;business_id&quot;:&quot;text&quot;,&quot;postal_code_and_city&quot;:&quot;text&quot;,&quot;country&quot;:&quot;text&quot;,&quot;special_requests&quot;:&quot;textarea&quot;,&quot;submit_1&quot;:&quot;submit&quot;},&quot;nonce_method&quot;:&quot;ajax&quot;}\"><form action=\"https:\/\/www.whr.fi\/ru\/%d1%81%d0%b2%d1%8f%d0%b7%d0%b0%d1%82%d1%8c%d1%81%d1%8f-%d1%81\/\" method=\"post\" class=\"fusion-form fusion-form-1268\"><div class=\"fusion-fullwidth fullwidth-box fusion-builder-row-3-1 fusion-flex-container nonhundred-percent-fullwidth non-hundred-percent-height-scrolling\" style=\"--awb-border-radius-top-left:0px;--awb-border-radius-top-right:0px;--awb-border-radius-bottom-right:0px;--awb-border-radius-bottom-left:0px;\" ><div class=\"fusion-builder-row fusion-row fusion-flex-align-items-flex-start\" style=\"width:104% !important;max-width:104% !important;margin-left: calc(-4% \/ 2 );margin-right: calc(-4% \/ 2 );\"><div class=\"fusion-layout-column fusion_builder_column fusion-builder-column-4 fusion_builder_column_1_2 1_2 fusion-flex-column\" style=\"--awb-bg-size:cover;--awb-width-large:50%;--awb-spacing-right-large:3.84%;--awb-margin-bottom-large:0px;--awb-spacing-left-large:3.84%;--awb-width-medium:100%;--awb-order-medium:0;--awb-spacing-right-medium:1.92%;--awb-spacing-left-medium:1.92%;--awb-width-small:100%;--awb-order-small:0;--awb-spacing-right-small:1.92%;--awb-spacing-left-small:1.92%;\"><div class=\"fusion-column-wrapper fusion-column-has-shadow fusion-flex-justify-content-flex-start fusion-content-layout-column\"><div class=\"fusion-form-field fusion-form-number-field fusion-form-label-above\" style=\"\" data-form-id=\"1268\"><div class=\"fusion-form-label-wrapper\"><label for=\"number_of_guests\">Majoittujien lukum\u00e4\u00e4r\u00e4<\/label><\/div><input type=\"number\" name=\"number_of_guests\" id=\"number_of_guests\" value=\"\"  class=\"fusion-form-input\" data-holds-private-data=\"false\" min=\"1\" max=\"500\"\/><\/div><div class=\"fusion-form-field fusion-form-date-field fusion-form-label-above\" style=\"\" data-form-id=\"1268\"><label for=\"check_in_date\">Tulop\u00e4iv\u00e4<\/label><input autocomplete=\"no\" type=\"date\" data-format=\"\" tabindex=\"\" id=\"check_in_date\" name=\"check_in_date\" data-type=\"custom\" value=\"\" data-holds-private-data=\"false\" class=\"fusion-form-input\"autocomplete=\"no\"\/><\/div><div class=\"fusion-form-field fusion-form-email-field fusion-form-label-above\" style=\"\" data-form-id=\"1268\"><div class=\"fusion-form-label-wrapper\"><label for=\"email_address\">S\u00e4hk\u00f6posti <abbr class=\"fusion-form-element-required\" title=\"required\">*<\/abbr><\/label><\/div><input type=\"email\" name=\"email_address\" id=\"email_address\" value=\"\"  class=\"fusion-form-input\" required=\"true\" aria-required=\"true\" data-holds-private-data=\"false\"\/><\/div><div class=\"fusion-form-field fusion-form-text-field fusion-form-label-above\" style=\"\" data-form-id=\"1268\"><div class=\"fusion-form-label-wrapper\"><label for=\"company\">Yritys<\/label><\/div><input type=\"text\" name=\"company\" id=\"company\" value=\"\"  class=\"fusion-form-input\" data-holds-private-data=\"false\" minlength=\"0\"\/><\/div><div class=\"fusion-form-field fusion-form-text-field fusion-form-label-above\" style=\"\" data-form-id=\"1268\"><div class=\"fusion-form-label-wrapper\"><label for=\"street_address\">Katuosoite<\/label><\/div><input type=\"text\" name=\"street_address\" id=\"street_address\" value=\"\"  class=\"fusion-form-input\" data-holds-private-data=\"false\" minlength=\"0\"\/><\/div><\/div><\/div><div class=\"fusion-layout-column fusion_builder_column fusion-builder-column-5 fusion_builder_column_1_2 1_2 fusion-flex-column\" style=\"--awb-bg-size:cover;--awb-width-large:50%;--awb-spacing-right-large:3.84%;--awb-margin-bottom-large:0px;--awb-spacing-left-large:3.84%;--awb-width-medium:100%;--awb-order-medium:0;--awb-spacing-right-medium:1.92%;--awb-spacing-left-medium:1.92%;--awb-width-small:100%;--awb-order-small:0;--awb-spacing-right-small:1.92%;--awb-spacing-left-small:1.92%;\"><div class=\"fusion-column-wrapper fusion-column-has-shadow fusion-flex-justify-content-flex-start fusion-content-layout-column\"><div class=\"fusion-form-field fusion-form-text-field fusion-form-label-above\" style=\"\" data-form-id=\"1268\"><div class=\"fusion-form-label-wrapper\"><label for=\"contact_person\">Yhteyshenkil\u00f6n nimi <abbr class=\"fusion-form-element-required\" title=\"required\">*<\/abbr><\/label><\/div><input type=\"text\" name=\"contact_person\" id=\"contact_person\" value=\"\"  class=\"fusion-form-input\" required=\"true\" aria-required=\"true\" data-holds-private-data=\"false\" minlength=\"0\"\/><\/div><div class=\"fusion-form-field fusion-form-date-field fusion-form-label-above\" style=\"\" data-form-id=\"1268\"><label for=\"check_out_day\">L\u00e4ht\u00f6p\u00e4iv\u00e4<\/label><input autocomplete=\"no\" type=\"date\" data-format=\"\" tabindex=\"\" id=\"check_out_day\" name=\"check_out_day\" data-type=\"custom\" value=\"\" data-holds-private-data=\"false\" class=\"fusion-form-input\"autocomplete=\"no\"\/><\/div><div class=\"fusion-form-field fusion-form-phone-number-field fusion-form-label-above\" style=\"\" data-form-id=\"1268\"><div class=\"fusion-form-label-wrapper\"><label for=\"phone_number\">Puhelinnumero<\/label><\/div><input type=\"tel\" name=\"phone_number\" id=\"phone_number\" value=\"\"  class=\"fusion-form-input\" data-holds-private-data=\"false\"\/><\/div><div class=\"fusion-form-field fusion-form-text-field fusion-form-label-above\" style=\"\" data-form-id=\"1268\"><div class=\"fusion-form-label-wrapper\"><label for=\"business_id\">Y-tunnus <abbr class=\"fusion-form-element-required\" title=\"required\">*<\/abbr><\/label><\/div><input type=\"text\" name=\"business_id\" id=\"business_id\" value=\"\"  class=\"fusion-form-input\" required=\"true\" aria-required=\"true\" data-holds-private-data=\"false\" minlength=\"0\"\/><\/div><div class=\"fusion-form-field fusion-form-text-field fusion-form-label-above\" style=\"\" data-form-id=\"1268\"><div class=\"fusion-form-label-wrapper\"><label for=\"postal_code_and_city\">Postinumero ja -toimipaikka <abbr class=\"fusion-form-element-required\" title=\"required\">*<\/abbr><\/label><\/div><input type=\"text\" name=\"postal_code_and_city\" id=\"postal_code_and_city\" value=\"\"  class=\"fusion-form-input\" required=\"true\" aria-required=\"true\" data-holds-private-data=\"false\" minlength=\"0\"\/><\/div><\/div><\/div><div class=\"fusion-layout-column fusion_builder_column fusion-builder-column-6 fusion_builder_column_1_1 1_1 fusion-flex-column\" style=\"--awb-bg-size:cover;--awb-width-large:100%;--awb-spacing-right-large:1.92%;--awb-margin-bottom-large:0px;--awb-spacing-left-large:1.92%;--awb-width-medium:100%;--awb-order-medium:0;--awb-spacing-right-medium:1.92%;--awb-spacing-left-medium:1.92%;--awb-width-small:100%;--awb-order-small:0;--awb-spacing-right-small:1.92%;--awb-spacing-left-small:1.92%;\"><div class=\"fusion-column-wrapper fusion-column-has-shadow fusion-flex-justify-content-flex-start fusion-content-layout-column\"><div class=\"fusion-form-field fusion-form-text-field fusion-form-label-above\" style=\"\" data-form-id=\"1268\"><div class=\"fusion-form-label-wrapper\"><label for=\"country\">Maa<\/label><\/div><input type=\"text\" name=\"country\" id=\"country\" value=\"\"  class=\"fusion-form-input\" data-holds-private-data=\"false\" minlength=\"0\"\/><\/div><div class=\"fusion-form-field fusion-form-textarea-field fusion-form-label-above\" style=\"\" data-form-id=\"1268\"><label for=\"special_requests\">Lis\u00e4tietoja<\/label><textarea cols=\"40\"  minlength=\"0\"  rows=\"4\" tabindex=\"\" id=\"special_requests\" name=\"special_requests\" class=\"fusion-form-input\" data-holds-private-data=\"false\"><\/textarea><\/div><div class=\"fusion-form-field fusion-form-submit-field fusion-form-label-above\" style=\"\" data-form-id=\"1268\"><div ><button type=\"submit\" class=\"fusion-button button-flat fusion-button-default-size button-default fusion-button-default button-1 fusion-button-default-span  form-form-submit button-default\" style=\"--button_text_transform:uppercase;--button_font_size:25px;--button_typography-font-family:&quot;Aldrich&quot;;--button_typography-font-style:normal;--button_typography-font-weight:400;\" data-form-number=\"1268\" tabindex=\"\"><span class=\"fusion-button-text\">L\u00c4HET\u00c4<\/span><\/button><\/div><\/div><\/div><\/div><\/div><\/div><input type=\"hidden\" name=\"fusion_privacy_store_ip_ua\" value=\"false\"><input type=\"hidden\" name=\"fusion_privacy_expiration_interval\" value=\"48\"><input type=\"hidden\" name=\"privacy_expiration_action\" value=\"anonymize\"><\/form><\/div><\/div><\/div><\/div><\/div><\/p>\n","protected":false},"excerpt":{"rendered":"","protected":false},"author":1,"featured_media":0,"parent":0,"menu_order":0,"comment_status":"closed","ping_status":"closed","template":"100-width.php","meta":{"footnotes":""},"class_list":["post-3212","page","type-page","status-publish","hentry"],"_links":{"self":[{"href":"https:\/\/www.whr.fi\/ru\/wp-json\/wp\/v2\/pages\/3212","targetHints":{"allow":["GET"]}}],"collection":[{"href":"https:\/\/www.whr.fi\/ru\/wp-json\/wp\/v2\/pages"}],"about":[{"href":"https:\/\/www.whr.fi\/ru\/wp-json\/wp\/v2\/types\/page"}],"author":[{"embeddable":true,"href":"https:\/\/www.whr.fi\/ru\/wp-json\/wp\/v2\/users\/1"}],"replies":[{"embeddable":true,"href":"https:\/\/www.whr.fi\/ru\/wp-json\/wp\/v2\/comments?post=3212"}],"version-history":[{"count":14,"href":"https:\/\/www.whr.fi\/ru\/wp-json\/wp\/v2\/pages\/3212\/revisions"}],"predecessor-version":[{"id":4436,"href":"https:\/\/www.whr.fi\/ru\/wp-json\/wp\/v2\/pages\/3212\/revisions\/4436"}],"wp:attachment":[{"href":"https:\/\/www.whr.fi\/ru\/wp-json\/wp\/v2\/media?parent=3212"}],"curies":[{"name":"wp","href":"https:\/\/api.w.org\/{rel}","templated":true}]}}